{"id":2609,"date":"2020-04-06T17:05:21","date_gmt":"2020-04-06T17:05:21","guid":{"rendered":"https:\/\/newgenlab.com\/demp\/olbia-v2\/?page_id=7"},"modified":"2025-09-12T11:15:26","modified_gmt":"2025-09-12T09:15:26","slug":"home","status":"publish","type":"page","link":"https:\/\/simonkadula.com\/en\/","title":{"rendered":"Hlavn\u00ed str\u00e1nka"},"content":{"rendered":"<div data-elementor-type=\"wp-page\" data-elementor-id=\"2609\" class=\"elementor elementor-2609\">\n\t\t\t\t\t\t<section class=\"elementor-section elementor-top-section elementor-element elementor-element-9c1ca1e elementor-section-full_width elementor-section-height-default elementor-section-height-default\" data-id=\"9c1ca1e\" data-element_type=\"section\">\n\t\t\t\t\t\t<div class=\"elementor-container elementor-column-gap-no\">\n\t\t\t\t\t<div class=\"elementor-column elementor-col-100 elementor-top-column elementor-element elementor-element-2e67fea2\" data-id=\"2e67fea2\" data-element_type=\"column\">\n\t\t\t<div class=\"elementor-widget-wrap elementor-element-populated\">\n\t\t\t\t\t\t<div class=\"elementor-element elementor-element-1047e12f slider-semi elementor-widget elementor-widget-Olbia_Slider_Widget\" data-id=\"1047e12f\" data-element_type=\"widget\" data-widget_type=\"Olbia_Slider_Widget.default\">\n\t\t\t\t<div class=\"elementor-widget-container\">\n\t\t\t\t\t\r\n\t\t\r\n\t\t\t\r\n\t\t\t\t<div class=\"olbia-home-slider\" data-speed=\"1200\" data-autoplay=\"true\" data-pause=\"false\">\r\r\n\t\t\t\t\t<div class=\"container-fluid p-0\">\r\r\n\t\t\t\t\t\t<div class=\"olbia-home-slider-list\">\r\r\n\r\r\n\t\t\t\t\t\t\t\r\n\t\t\t\t\t\t\t\r\n\t\t\t\t\t\t\t\t\r\n\t\t\t\t\t\t\t\r\n\r\r\n\t\t\t\t\t\t\t\r\n\t\t\t\t\t\t\t\t\r\r\n\t\t\t\t\t\t\t\t\r\n\t\t\t\t\t\t\t\t\t<div class=\"olbia-home-slider-list__item olbia-img-placeholder\">\r\r\n\t\t\t\t\t\t\t\t\t\t<div class=\"olbia-home-slider-list__picture olbia-lazy--bg olbia-home-slider-list__picture--more-two\">\r\r\n\t\t\t\t\t\t\t\t\t\t\t<img decoding=\"async\" src=\"#\" data-lazy=\"https:\/\/simonkadula.com\/wp-content\/uploads\/s1SVATBY.jpg\" alt=\"\">\r\r\n\t\t\t\t\t\t\t\t\t\t<\/div>\r\r\n\t\t\t\t\t\t\t\t\t\t<div class=\"olbia-home-slider-list__content\">\r\r\n\t\t\t\t\t\t\t\t\t\t\t\r\r\n\t\t\t\t\t\t\t\t\t\t\t\r\n\t\t\t\t\t\t\t\t\t\t\t\t<h1 class=\"h1 olbia-home-slider-list__title\">\r\r\n\t\t\t\t\t\t\t\t\t\t\t\t\t<a href=\"\/en\/svatby\/\" class=\"olbia-home-slider-list__title-link\">\r\r\n\t\t\t\t\t\t\t\t\t\t\t\t\t\tWeddings\r\n\t\t\t\t\t\t\t\t\t\t\t\t\t<\/a>\r\r\n\t\t\t\t\t\t\t\t\t\t\t\t<\/h1>\r\r\n\t\t\t\t\t\t\t\t\t\t\t\r\n\r\r\n\t\t\t\t\t\t\t\t\t\t\t\r\n\t\t\t\t\t\t\t\t\t\t\t\t<div class=\"olbia-home-slider-list__label\">\r\r\n\t\t\t\t\t\t\t\t\t\t\t\t\t<a href=\"\/en\/svatby\/\">\r\r\n\t\t\t\t\t\t\t\t\t\t\t\t\t\tYour most important day, my greatest responsibility\r\n\t\t\t\t\t\t\t\t\t\t\t\t\t<\/a>\r\r\n\t\t\t\t\t\t\t\t\t\t\t\t<\/div>\r\r\n\t\t\t\t\t\t\t\t\t\t\t\r\n\r\r\n\t\t\t\t\t\t\t\t\t\t\t\r\n\t\t\t\t\t\t\t\t\t\t<\/div>\r\r\n\t\t\t\t\t\t\t\t\t<\/div>\r\r\n\t\t\t\t\t\t\t\t\r\n\r\r\n\t\t\t\t\t\t\t\r\n\t\t\t\t\t\t\t\t\r\r\n\t\t\t\t\t\t\t\t\r\n\t\t\t\t\t\t\t\t\t<div class=\"olbia-home-slider-list__item olbia-img-placeholder\">\r\r\n\t\t\t\t\t\t\t\t\t\t<div class=\"olbia-home-slider-list__picture olbia-lazy--bg olbia-home-slider-list__picture--more-two\">\r\r\n\t\t\t\t\t\t\t\t\t\t\t<img decoding=\"async\" src=\"#\" data-lazy=\"https:\/\/simonkadula.com\/wp-content\/uploads\/s2FIRMY.jpg\" alt=\"\">\r\r\n\t\t\t\t\t\t\t\t\t\t<\/div>\r\r\n\t\t\t\t\t\t\t\t\t\t<div class=\"olbia-home-slider-list__content\">\r\r\n\t\t\t\t\t\t\t\t\t\t\t\r\r\n\t\t\t\t\t\t\t\t\t\t\t\r\n\t\t\t\t\t\t\t\t\t\t\t\t<h1 class=\"h1 olbia-home-slider-list__title\">\r\r\n\t\t\t\t\t\t\t\t\t\t\t\t\t<a href=\"\/en\/firmy\/\" class=\"olbia-home-slider-list__title-link\">\r\r\n\t\t\t\t\t\t\t\t\t\t\t\t\t\tCompanies\r\n\t\t\t\t\t\t\t\t\t\t\t\t\t<\/a>\r\r\n\t\t\t\t\t\t\t\t\t\t\t\t<\/h1>\r\r\n\t\t\t\t\t\t\t\t\t\t\t\r\n\r\r\n\t\t\t\t\t\t\t\t\t\t\t\r\n\t\t\t\t\t\t\t\t\t\t\t\t<div class=\"olbia-home-slider-list__label\">\r\r\n\t\t\t\t\t\t\t\t\t\t\t\t\t<a href=\"\/en\/firmy\/\">\r\r\n\t\t\t\t\t\t\t\t\t\t\t\t\t\tyour brand in the best light\r\n\t\t\t\t\t\t\t\t\t\t\t\t\t<\/a>\r\r\n\t\t\t\t\t\t\t\t\t\t\t\t<\/div>\r\r\n\t\t\t\t\t\t\t\t\t\t\t\r\n\r\r\n\t\t\t\t\t\t\t\t\t\t\t\r\n\t\t\t\t\t\t\t\t\t\t<\/div>\r\r\n\t\t\t\t\t\t\t\t\t<\/div>\r\r\n\t\t\t\t\t\t\t\t\r\n\r\r\n\t\t\t\t\t\t\t\r\n\t\t\t\t\t\t\t\t\r\r\n\t\t\t\t\t\t\t\t\r\n\t\t\t\t\t\t\t\t\t<div class=\"olbia-home-slider-list__item olbia-img-placeholder\">\r\r\n\t\t\t\t\t\t\t\t\t\t<div class=\"olbia-home-slider-list__picture olbia-lazy--bg olbia-home-slider-list__picture--more-two\">\r\r\n\t\t\t\t\t\t\t\t\t\t\t<img decoding=\"async\" src=\"#\" data-lazy=\"https:\/\/simonkadula.com\/wp-content\/uploads\/s3RODINY.jpg\" alt=\"\">\r\r\n\t\t\t\t\t\t\t\t\t\t<\/div>\r\r\n\t\t\t\t\t\t\t\t\t\t<div class=\"olbia-home-slider-list__content\">\r\r\n\t\t\t\t\t\t\t\t\t\t\t\r\r\n\t\t\t\t\t\t\t\t\t\t\t\r\n\t\t\t\t\t\t\t\t\t\t\t\t<h1 class=\"h1 olbia-home-slider-list__title\">\r\r\n\t\t\t\t\t\t\t\t\t\t\t\t\t<a href=\"\/en\/rodiny\/\" class=\"olbia-home-slider-list__title-link\">\r\r\n\t\t\t\t\t\t\t\t\t\t\t\t\t\tFamilies\r\n\t\t\t\t\t\t\t\t\t\t\t\t\t<\/a>\r\r\n\t\t\t\t\t\t\t\t\t\t\t\t<\/h1>\r\r\n\t\t\t\t\t\t\t\t\t\t\t\r\n\r\r\n\t\t\t\t\t\t\t\t\t\t\t\r\n\t\t\t\t\t\t\t\t\t\t\t\t<div class=\"olbia-home-slider-list__label\">\r\r\n\t\t\t\t\t\t\t\t\t\t\t\t\t<a href=\"\/en\/rodiny\/\">\r\r\n\t\t\t\t\t\t\t\t\t\t\t\t\t\tfamily memories that will bring you joy\r\n\t\t\t\t\t\t\t\t\t\t\t\t\t<\/a>\r\r\n\t\t\t\t\t\t\t\t\t\t\t\t<\/div>\r\r\n\t\t\t\t\t\t\t\t\t\t\t\r\n\r\r\n\t\t\t\t\t\t\t\t\t\t\t\r\n\t\t\t\t\t\t\t\t\t\t<\/div>\r\r\n\t\t\t\t\t\t\t\t\t<\/div>\r\r\n\t\t\t\t\t\t\t\t\r\n\r\r\n\t\t\t\t\t\t\t\r\n\t\t\t\t\t\t\t\t\r\r\n\t\t\t\t\t\t\t\t\r\n\t\t\t\t\t\t\t\t\t<div class=\"olbia-home-slider-list__item olbia-img-placeholder\">\r\r\n\t\t\t\t\t\t\t\t\t\t<div class=\"olbia-home-slider-list__picture olbia-lazy--bg olbia-home-slider-list__picture--more-two\">\r\r\n\t\t\t\t\t\t\t\t\t\t\t<img decoding=\"async\" src=\"#\" data-lazy=\"https:\/\/simonkadula.com\/wp-content\/uploads\/s4EVENTY.jpg\" alt=\"\">\r\r\n\t\t\t\t\t\t\t\t\t\t<\/div>\r\r\n\t\t\t\t\t\t\t\t\t\t<div class=\"olbia-home-slider-list__content\">\r\r\n\t\t\t\t\t\t\t\t\t\t\t\r\r\n\t\t\t\t\t\t\t\t\t\t\t\r\n\t\t\t\t\t\t\t\t\t\t\t\t<h1 class=\"h1 olbia-home-slider-list__title\">\r\r\n\t\t\t\t\t\t\t\t\t\t\t\t\t<a href=\"\/en\/eventy\/\" class=\"olbia-home-slider-list__title-link\">\r\r\n\t\t\t\t\t\t\t\t\t\t\t\t\t\tEvents\r\n\t\t\t\t\t\t\t\t\t\t\t\t\t<\/a>\r\r\n\t\t\t\t\t\t\t\t\t\t\t\t<\/h1>\r\r\n\t\t\t\t\t\t\t\t\t\t\t\r\n\r\r\n\t\t\t\t\t\t\t\t\t\t\t\r\n\t\t\t\t\t\t\t\t\t\t\t\t<div class=\"olbia-home-slider-list__label\">\r\r\n\t\t\t\t\t\t\t\t\t\t\t\t\t<a href=\"\/en\/eventy\/\">\r\r\n\t\t\t\t\t\t\t\t\t\t\t\t\t\tEvents represent you, photos do too\r\n\t\t\t\t\t\t\t\t\t\t\t\t\t<\/a>\r\r\n\t\t\t\t\t\t\t\t\t\t\t\t<\/div>\r\r\n\t\t\t\t\t\t\t\t\t\t\t\r\n\r\r\n\t\t\t\t\t\t\t\t\t\t\t\r\n\t\t\t\t\t\t\t\t\t\t<\/div>\r\r\n\t\t\t\t\t\t\t\t\t<\/div>\r\r\n\t\t\t\t\t\t\t\t\r\n\r\r\n\t\t\t\t\t\t\t\r\n\t\t\t\t\t\t<\/div>\r\r\n\r\r\n\t\t\t\t\t\t\r\n\t\t\t\t\t\t\t<div class=\"olbia-home-slider-nav\">\r\r\n\t\t\t\t\t\t\r\n\r\r\n\t\t\t\t\t\t\t\t\r\n\t\t\t\t\t\t\t\t\t<button type=\"button\" class=\"olbia-home-slider-nav__prev\" >\r\r\n\t\t\t\t\t\t\t\t\t\t<svg xmlns=\"http:\/\/www.w3.org\/2000\/svg\" width=\"25\" height=\"20\" viewbox=\"0 0 25 20\">\r\r\n\t\t\t\t\t\t\t\t\t\t\t<g fill=\"#FFF\" fill-rule=\"nonzero\">\r\r\n\t\t\t\t\t\t\t\t\t\t\t\t<path d=\"M1.196 10.235H24.63a.37.37 0 0 0 0-.74H1.196a.37.37 0 0 0 0 .74z\"\/>\r\r\n\t\t\t\t\t\t\t\t\t\t\t\t<path d=\"M10.483 19.52a.37.37 0 0 0 .262-.632L1.72 9.865 10.745.84a.37.37 0 0 0-.524-.523L.935 9.6a.37.37 0 0 0 0 .525l9.286 9.286a.367.367 0 0 0 .262.109z\"\/>\r\r\n\t\t\t\t\t\t\t\t\t\t\t<\/g>\r\r\n\t\t\t\t\t\t\t\t\t\t<\/svg>\r\r\n\t\t\t\t\t\t\t\t\t<\/button>\r\r\n\t\t\t\t\t\t\t\t\r\n\r\r\n\t\t\t\t\t\t\t\t<div class=\"olbia-home-slider-nav__info\"><\/div>\r\r\n\r\r\n\t\t\t\t\t\t\t\t\r\n\t\t\t\t\t\t\t\t\t<button type=\"button\" class=\"olbia-home-slider-nav__next\" >\r\r\n\t\t\t\t\t\t\t\t\t\t<svg xmlns=\"http:\/\/www.w3.org\/2000\/svg\" width=\"25\" height=\"20\" viewbox=\"0 0 25 20\">\r\r\n\t\t\t\t\t\t\t\t\t\t\t<g fill=\"#FFF\" fill-rule=\"nonzero\">\r\r\n\t\t\t\t\t\t\t\t\t\t\t\t<path d=\"M24.36 10.235H.925a.37.37 0 0 1 0-.74h23.433a.37.37 0 0 1 0 .74z\"\/>\r\r\n\t\t\t\t\t\t\t\t\t\t\t\t<path d=\"M15.073 19.52a.37.37 0 0 1-.262-.632l9.025-9.024L14.81.84a.37.37 0 0 1 .524-.523L24.621 9.6a.37.37 0 0 1 0 .525l-9.287 9.286a.367.367 0 0 1-.261.109z\"\/>\r\r\n\t\t\t\t\t\t\t\t\t\t\t<\/g>\r\r\n\t\t\t\t\t\t\t\t\t\t<\/svg>\r\r\n\t\t\t\t\t\t\t\t\t<\/button>\r\r\n\t\t\t\t\t\t\t\t\r\n\t\t\t\t\t\t\t<\/div>\r\r\n\t\t\t\t\t\t<\/div>\r\r\n\t\t\t\t\t<\/div>\r\r\n\t\t\t\t\r\n\t\t\t\t\r\n\t\t\t\t\t\t\t\t<\/div>\n\t\t\t\t<\/div>\n\t\t\t\t\t<\/div>\n\t\t<\/div>\n\t\t\t\t\t<\/div>\n\t\t<\/section>\n\t\t\t\t<section class=\"elementor-section elementor-top-section elementor-element elementor-element-1db4af05 elementor-section-full_width elementor-section-height-default elementor-section-height-default\" data-id=\"1db4af05\" data-element_type=\"section\">\n\t\t\t\t\t\t<div class=\"elementor-container elementor-column-gap-default\">\n\t\t\t\t\t<div class=\"elementor-column elementor-col-100 elementor-top-column elementor-element elementor-element-72234ba7\" data-id=\"72234ba7\" data-element_type=\"column\" data-settings=\"{&quot;background_background&quot;:&quot;classic&quot;}\">\n\t\t\t<div class=\"elementor-widget-wrap elementor-element-populated\">\n\t\t\t\t\t\t<div class=\"elementor-element elementor-element-5a736b0 elementor-widget elementor-widget-menu-anchor\" data-id=\"5a736b0\" data-element_type=\"widget\" data-widget_type=\"menu-anchor.default\">\n\t\t\t\t<div class=\"elementor-widget-container\">\n\t\t\t\t\t\t\t<div class=\"elementor-menu-anchor\" id=\"o-mne\"><\/div>\n\t\t\t\t\t\t<\/div>\n\t\t\t\t<\/div>\n\t\t\t\t<div class=\"elementor-element elementor-element-82424d1 elementor-widget elementor-widget-Olbia_About\" data-id=\"82424d1\" data-element_type=\"widget\" data-widget_type=\"Olbia_About.default\">\n\t\t\t\t<div class=\"elementor-widget-container\">\n\t\t\t\t\t\n            <div class=\"olbia-about olbia-about--one\">\n            <div class=\"container\">\n                <div class=\"row\">\n                    <div class=\"col-md-6 col-lg-5\">\n                        <div class=\"olbia-about__picture wow fadeIn\">\n                                                                                                                                <img fetchpriority=\"high\" decoding=\"async\" class=\"olbia-lazy olbia-lazy--expectation\" width=\"720\" height=\"1080\" src=\"https:\/\/simonkadula.com\/wp-content\/uploads\/kadula-simon.jpg\" data-src=\"https:\/\/simonkadula.com\/wp-content\/uploads\/kadula-simon.jpg\" data-srcset=\"https:\/\/simonkadula.com\/wp-content\/uploads\/kadula-simon.jpg 720w, https:\/\/simonkadula.com\/wp-content\/uploads\/kadula-simon-8x12.jpg 8w, https:\/\/simonkadula.com\/wp-content\/uploads\/kadula-simon-233x350.jpg 233w, https:\/\/simonkadula.com\/wp-content\/uploads\/kadula-simon-333x500.jpg 333w\" data-sizes=\"(max-width: 720px) 100vw, 720px\" alt=\"\">\n                                                                                    <\/div>\n                    <\/div>\n                    <div class=\"col-md-6 col-lg-5\">\n                        <div class=\"olbia-about__content\">\n                                                        <div class=\"olbia-about__specialize wow fadeIn\">\n                                Hi, I'm...                            <\/div>\n                            \n                                                        <h2 class=\"olbia-about__title wow fadeIn\">\n                            \u0160imon Kadula                            <\/h2>\n                                                        \n                                                        <div class=\"olbia-about__desc wow fadeIn\">\n                                <p>Father of little rascal Maty\u00e1\u0161ek, husband of the amazing and incredibly patient Inna, lover of good food, quality wine, and positive vibes. I live in the picturesque village of Hlu\u0161ovice, not far from Olomouc, where sunsets work wonders even without a filter.<\/p>\n<p>When I'm not taking photos, I devote myself to my family, but I also find time for sports, whether it's running around the field with a floorball stick or playing tennis on the court. Sometimes I relax by the water, where I think about why they're not biting again, and I enjoy life to the fullest!<\/p>\n                            <\/div>\n                                                        \n                                                            <a href=\"\/en\/kontakt\/\" class=\"olbia-about__link link-contact wow fadeIn\">\n                                    Contact me                                <\/a>\n                                                    <\/div>\n                    <\/div>\n                <\/div>\n            <\/div>\n        <\/div>\n                \t\t\t\t<\/div>\n\t\t\t\t<\/div>\n\t\t<div class=\"elementor-element elementor-element-41d31d0 bile e-flex e-con-boxed e-con e-parent\" data-id=\"41d31d0\" data-element_type=\"container\">\n\t\t\t\t\t<div class=\"e-con-inner\">\n\t\t\t\t<div class=\"elementor-element elementor-element-8bd8942 hp-odrazky elementor-widget elementor-widget-text-editor\" data-id=\"8bd8942\" data-element_type=\"widget\" data-widget_type=\"text-editor.default\">\n\t\t\t\t<div class=\"elementor-widget-container\">\n\t\t\t\t\t\t\t\t\t<h4>Photography has been my passion for over 8 years, during which time I have:<\/h4><p class=\"translation-block\">\ud83d\udcf8 sold over <strong>97,000 licenses<\/strong> for commercial photographs,<br>\ud83d\udcf7 went through <strong>5 cameras<\/strong>,<br>\ud83d\udcc2 took <strong>164,998 photos<\/strong>,<br>\ud83d\udca5 and burned through <strong>2 flash sets<\/strong><br><\/p><h4>What do I photograph?<\/h4><p class=\"translation-block\">\ud83d\udcf8 <strong>Weddings<\/strong>, full of joy and emotion<br>\ud83c\udfe2 <strong>Companies<\/strong> that have their own rhythm<br>\ud83c\udf89 <strong>Corporate events<\/strong> where things happen<br> \ud83d\udc68\u200d\ud83d\udcbc <strong>portraits<\/strong>, with a story and flair<br>\ud83d\udce6 <strong>products<\/strong> that deserve to shine<br>\ud83d\udc6a and, of course, <strong>families<\/strong>, from little rascals to furry friends<\/p>\t\t\t\t\t\t\t\t<\/div>\n\t\t\t\t<\/div>\n\t\t\t\t\t<\/div>\n\t\t\t\t<\/div>\n\t\t<div class=\"elementor-element elementor-element-646149c e-flex e-con-boxed e-con e-parent\" data-id=\"646149c\" data-element_type=\"container\">\n\t\t\t\t\t<div class=\"e-con-inner\">\n\t\t\t\t<div class=\"elementor-element elementor-element-0e04323 elementor-widget elementor-widget-text-editor\" data-id=\"0e04323\" data-element_type=\"widget\" data-widget_type=\"text-editor.default\">\n\t\t\t\t<div class=\"elementor-widget-container\">\n\t\t\t\t\t\t\t\t\t<p>For me, photography is more of a lifestyle than a job. It's about trust, laughter, capturing everything that would otherwise slip away. And I'm here to help record your story the way it deserves to be recorded\u2014authentically, sensitively, and above all, with a smile.<\/p><p><em><strong>I guarantee professional results and your satisfaction with my name.<\/strong><\/em><\/p>\t\t\t\t\t\t\t\t<\/div>\n\t\t\t\t<\/div>\n\t\t\t\t\t<\/div>\n\t\t\t\t<\/div>\n\t\t\t\t<div class=\"elementor-element elementor-element-870af7c elementor-widget elementor-widget-html\" data-id=\"870af7c\" data-element_type=\"widget\" data-widget_type=\"html.default\">\n\t\t\t\t<div class=\"elementor-widget-container\">\n\t\t\t\t\t<script src=\"\/masonry.pkgd.min.js\"><\/script>\t\n<script type=\"text\/javascript\">\nvar elem = document.querySelector('#gallery-1');\nvar msnry = new Masonry( elem, {\n  \/\/ options\n  itemSelector: '.gallery-item',\n  percentPosition: true\n});\n\n<\/script>\t\t\t\t<\/div>\n\t\t\t\t<\/div>\n\t\t\t\t\t<\/div>\n\t\t<\/div>\n\t\t\t\t\t<\/div>\n\t\t<\/section>\n\t\t\t\t<\/div>","protected":false},"excerpt":{"rendered":"<p>Svatby v\u00e1\u0161 nejd\u016fle\u017eit\u011bj\u0161\u00ed den, moje nejv\u011bt\u0161\u00ed zodpov\u011bdnost Firmy va\u0161e zna\u010dka v tom nejlep\u0161\u00edm sv\u011btle Rodiny rodinn\u00e9 vzpom\u00ednky, kter\u00e9 v\u00e1m p\u0159inesou radost Eventy eventy v\u00e1s reprezentuj\u00ed, fotografie tak\u00e9 Ahoj, j\u00e1 jsem&#8230; \u0160imon Kadula t\u00e1ta mal\u00e9ho ro\u0161\u0165\u00e1ka Maty\u00e1\u0161ka, man\u017eel \u00fa\u017easn\u00e9 a neskute\u010dn\u011b trp\u011bliv\u00e9 Inny, milovn\u00edk dobr\u00e9ho j\u00eddla, kvalitn\u00edho v\u00edna a pozitivn\u00ed n\u00e1lady. Bydl\u00edm v malebn\u00e9 vesni\u010dce Hlu\u0161ovice&#8230;<\/p>","protected":false},"author":1,"featured_media":0,"parent":0,"menu_order":0,"comment_status":"closed","ping_status":"closed","template":"","meta":{"_acf_changed":false,"footnotes":""},"class_list":["post-2609","page","type-page","status-publish","hentry"],"acf":[],"_links":{"self":[{"href":"https:\/\/simonkadula.com\/en\/wp-json\/wp\/v2\/pages\/2609","targetHints":{"allow":["GET"]}}],"collection":[{"href":"https:\/\/simonkadula.com\/en\/wp-json\/wp\/v2\/pages"}],"about":[{"href":"https:\/\/simonkadula.com\/en\/wp-json\/wp\/v2\/types\/page"}],"author":[{"embeddable":true,"href":"https:\/\/simonkadula.com\/en\/wp-json\/wp\/v2\/users\/1"}],"replies":[{"embeddable":true,"href":"https:\/\/simonkadula.com\/en\/wp-json\/wp\/v2\/comments?post=2609"}],"version-history":[{"count":5,"href":"https:\/\/simonkadula.com\/en\/wp-json\/wp\/v2\/pages\/2609\/revisions"}],"predecessor-version":[{"id":3910,"href":"https:\/\/simonkadula.com\/en\/wp-json\/wp\/v2\/pages\/2609\/revisions\/3910"}],"wp:attachment":[{"href":"https:\/\/simonkadula.com\/en\/wp-json\/wp\/v2\/media?parent=2609"}],"curies":[{"name":"wp","href":"https:\/\/api.w.org\/{rel}","templated":true}]}}