{"id":2610,"date":"2020-04-06T17:07:21","date_gmt":"2020-04-06T17:07:21","guid":{"rendered":"https:\/\/newgenlab.com\/demp\/olbia-v2\/?page_id=15"},"modified":"2025-09-12T11:16:13","modified_gmt":"2025-09-12T09:16:13","slug":"kontakt","status":"publish","type":"page","link":"https:\/\/simonkadula.com\/en\/kontakt","title":{"rendered":"Contact"},"content":{"rendered":"<div data-elementor-type=\"wp-page\" data-elementor-id=\"2610\" class=\"elementor elementor-2610\">\n\t\t\t\t\t\t<section class=\"elementor-section elementor-top-section elementor-element elementor-element-6bea5fbd elementor-section-full_width elementor-section-height-default elementor-section-height-default\" data-id=\"6bea5fbd\" data-element_type=\"section\">\n\t\t\t\t\t\t<div class=\"elementor-container elementor-column-gap-no\">\n\t\t\t\t\t<div class=\"elementor-column elementor-col-100 elementor-top-column elementor-element elementor-element-46a852e0\" data-id=\"46a852e0\" data-element_type=\"column\">\n\t\t\t<div class=\"elementor-widget-wrap elementor-element-populated\">\n\t\t\t\t\t\t<div class=\"elementor-element elementor-element-587b9cea elementor-widget elementor-widget-Olbia_Banner_Widget\" data-id=\"587b9cea\" data-element_type=\"widget\" data-widget_type=\"Olbia_Banner_Widget.default\">\n\t\t\t\t<div class=\"elementor-widget-container\">\n\t\t\t\t\t\n\t\t\t\t\t<div class=\"olbia-banner olbia-parallax olbia-lazy olbia-lazy--bg\" data-src=\"https:\/\/simonkadula.com\/wp-content\/uploads\/52181130201_cacf6c6daa_o-scaled-1.jpg\">\n\t\t\t\t<div class=\"container\">\n\n\t\t\t\t\t\t\t\t\t\t\t<h1 class=\"olbia-banner__title wow fadeIn\">\n\t\t\t\t\t\t\tContact\t\t\t\t\t\t<\/h1>\n\t\t\t\t\t\t\t\t\t\t\n\t\t\t\t<\/div>\n\t\t\t<\/div>\n\t\t\t\t\t\t\t\t<\/div>\n\t\t\t\t<\/div>\n\t\t\t\t\t<\/div>\n\t\t<\/div>\n\t\t\t\t\t<\/div>\n\t\t<\/section>\n\t\t\t\t<section class=\"elementor-section elementor-top-section elementor-element elementor-element-3db5d2dc elementor-section-boxed elementor-section-height-default elementor-section-height-default\" data-id=\"3db5d2dc\" data-element_type=\"section\">\n\t\t\t\t\t\t<div class=\"elementor-container elementor-column-gap-default\">\n\t\t\t\t\t<div class=\"elementor-column elementor-col-100 elementor-top-column elementor-element elementor-element-38e32e16\" data-id=\"38e32e16\" data-element_type=\"column\">\n\t\t\t<div class=\"elementor-widget-wrap elementor-element-populated\">\n\t\t\t\t\t\t<div class=\"elementor-element elementor-element-2ad80cb0 elementor-widget elementor-widget-Olbia_Contact_Widget\" data-id=\"2ad80cb0\" data-element_type=\"widget\" data-widget_type=\"Olbia_Contact_Widget.default\">\n\t\t\t\t<div class=\"elementor-widget-container\">\n\t\t\t\t\t\n\t\t\t\t\t\t<div class=\"olbia-contact olbia-contact--two\">\n\t\t\t\t<div class=\"container\">\n\t\t\t\t\t<div class=\"olbia-contact-form wow fadeIn\">\n\t\t\t\t\t\t\n\t\t\t\t\t\t\t\t\t\t\t\t\t<h3 class=\"olbia-contact-form__title\">\n\t\t\t\t\t\t\tSend me a message\t\t\t\t\t\t\t<\/h3>\n\t\t\t\t\t\t\t\t\t\t\t\t\n\t\t\t\t\t\t\t\t\t\t\t\t\t\t\t\t\t\t\t\t\n<div class=\"wpcf7 no-js\" id=\"wpcf7-f143-o1\" lang=\"ru-RU\" dir=\"ltr\" data-wpcf7-id=\"143\">\n<div class=\"screen-reader-response\"><p role=\"status\" aria-live=\"polite\" aria-atomic=\"true\"><\/p> <ul><\/ul><\/div>\n<form action=\"\/en\/wp-json\/wp\/v2\/pages\/2610#wpcf7-f143-o1\" method=\"post\" class=\"wpcf7-form init\" aria-label=\"Contact form\" novalidate=\"novalidate\" data-status=\"init\" data-trp-original-action=\"\/en\/wp-json\/wp\/v2\/pages\/2610#wpcf7-f143-o1\">\n<fieldset class=\"hidden-fields-container\"><input type=\"hidden\" name=\"_wpcf7\" value=\"143\" \/><input type=\"hidden\" name=\"_wpcf7_version\" value=\"6.1.1\" \/><input type=\"hidden\" name=\"_wpcf7_locale\" value=\"ru_RU\" \/><input type=\"hidden\" name=\"_wpcf7_unit_tag\" value=\"wpcf7-f143-o1\" \/><input type=\"hidden\" name=\"_wpcf7_container_post\" value=\"0\" \/><input type=\"hidden\" name=\"_wpcf7_posted_data_hash\" value=\"\" \/><input type=\"hidden\" name=\"_wpcf7_recaptcha_response\" value=\"\" \/>\n<\/fieldset>\n<div class=\"olbia-contact-form__group\">\n\t<p><span class=\"wpcf7-form-control-wrap\" data-name=\"your-name\"><input size=\"40\" maxlength=\"400\" class=\"wpcf7-form-control wpcf7-text wpcf7-validates-as-required\" aria-required=\"true\" aria-invalid=\"false\" placeholder=\"Your name\" value=\"\" type=\"text\" name=\"your-name\" \/><\/span>\n\t<\/p>\n\t<p><span class=\"wpcf7-form-control-wrap\" data-name=\"your-email\"><input size=\"40\" maxlength=\"400\" class=\"wpcf7-form-control wpcf7-email wpcf7-validates-as-required wpcf7-text wpcf7-validates-as-email\" aria-required=\"true\" aria-invalid=\"false\" placeholder=\"Email\" value=\"\" type=\"email\" name=\"your-email\" \/><\/span>\n\t<\/p>\n\t<p><span class=\"wpcf7-form-control-wrap\" data-name=\"your-phone\"><input size=\"40\" maxlength=\"400\" class=\"wpcf7-form-control wpcf7-text wpcf7-validates-as-required\" aria-required=\"true\" aria-invalid=\"false\" placeholder=\"Phone number\" value=\"\" type=\"text\" name=\"your-phone\" \/><\/span>\n\t<\/p>\n<\/div>\n<p><span class=\"wpcf7-form-control-wrap\" data-name=\"your-message\"><textarea cols=\"40\" rows=\"10\" maxlength=\"2000\" class=\"wpcf7-form-control wpcf7-textarea\" aria-invalid=\"false\" placeholder=\"Message\" name=\"your-message\"><\/textarea><\/span>\n<\/p>\n<p class=\"form-note\">By submitting, you agree to the <a href=\"\/en\/zasady-ochrany-osobnich-udaju\/\" target=\"_blank\">privacy policy<\/a>.\n<\/p>\n<p><input class=\"wpcf7-form-control wpcf7-submit has-spinner\" type=\"submit\" value=\"Send\" \/>\n<\/p><div class=\"wpcf7-response-output\" aria-hidden=\"true\"><\/div>\n<input type=\"hidden\" name=\"trp-form-language\" value=\"en\"\/><\/form>\n<\/div>\n\t\t\t\t\t\t\t\t\t\t\t\t\n\t\t\t\t\t<\/div>\n\t\t\t\t<\/div>\n\t\t\t<\/div>\n\t\t\t\t\t\t\t\t\t\t<\/div>\n\t\t\t\t<\/div>\n\t\t\t\t\t<\/div>\n\t\t<\/div>\n\t\t\t\t\t<\/div>\n\t\t<\/section>\n\t\t\t\t<section class=\"elementor-section elementor-top-section elementor-element elementor-element-174023e9 olbia-cta--modern elementor-section-boxed elementor-section-height-default elementor-section-height-default\" data-id=\"174023e9\" data-element_type=\"section\">\n\t\t\t\t\t\t<div class=\"elementor-container elementor-column-gap-no\">\n\t\t\t\t\t<div class=\"elementor-column elementor-col-33 elementor-top-column elementor-element elementor-element-73d17aa3\" data-id=\"73d17aa3\" data-element_type=\"column\">\n\t\t\t<div class=\"elementor-widget-wrap elementor-element-populated\">\n\t\t\t\t\t\t<div class=\"elementor-element elementor-element-3ce46192 elementor-widget elementor-widget-Olbia_CTA_Widget\" data-id=\"3ce46192\" data-element_type=\"widget\" data-widget_type=\"Olbia_CTA_Widget.default\">\n\t\t\t\t<div class=\"elementor-widget-container\">\n\t\t\t\t\t\r\n\r\r\n        <div class=\"olbia-cta olbia-cta--modern\">\r\r\n            \r\n\r\r\n                <div class=\"olbia-cta__item\">\r\r\n                    \r\n                        <h6 class=\"olbia-cta__title wow fadeIn\">\r\r\n                            <img decoding=\"async\" src=\"\/wp-content\/uploads\/ico-telefon.png\" class=\"ico\"><br>Call me\r\n                        <\/h6>\r\r\n                    \r\n\r\r\n                    \r\n                        \r\n                            <a href=\"tel:+420 605 580 813\" class=\"olbia-cta__link link-contact-mini wow fadeIn\">\r\r\n                                +420 605 580 813\r\n                            <\/a>\r\r\n                        \r\n                    \r\n\r\r\n                    \r\n\r\r\n                    \r\n                <\/div>\r\r\n            \r\n        <\/div>\r\r\n\r\r\n\t\t\t\t\t\t<\/div>\n\t\t\t\t<\/div>\n\t\t\t\t\t<\/div>\n\t\t<\/div>\n\t\t\t\t<div class=\"elementor-column elementor-col-33 elementor-top-column elementor-element elementor-element-c403c45\" data-id=\"c403c45\" data-element_type=\"column\">\n\t\t\t<div class=\"elementor-widget-wrap elementor-element-populated\">\n\t\t\t\t\t\t<div class=\"elementor-element elementor-element-adfe9be elementor-widget elementor-widget-Olbia_CTA_Widget\" data-id=\"adfe9be\" data-element_type=\"widget\" data-widget_type=\"Olbia_CTA_Widget.default\">\n\t\t\t\t<div class=\"elementor-widget-container\">\n\t\t\t\t\t\r\n\r\r\n        <div class=\"olbia-cta olbia-cta--modern\">\r\r\n            \r\n\r\r\n                <div class=\"olbia-cta__item\">\r\r\n                    \r\n                        <h6 class=\"olbia-cta__title wow fadeIn\">\r\r\n                            <img decoding=\"async\" src=\"\/wp-content\/uploads\/ico-mail.png\" class=\"ico\"><br>Send me an email\r\n                        <\/h6>\r\r\n                    \r\n\r\r\n                    \r\n\r\r\n                    \r\n                        \r\n                            <a href=\"mailto:s.kadula@simonkadula.com\" class=\"olbia-cta__link link-contact-mini wow fadeIn\">\r\r\n                                s.kadula@simonkadula.com\r\n                            <\/a>\r\r\n                        \r\n                    \r\n\r\r\n                    \r\n                <\/div>\r\r\n            \r\n        <\/div>\r\r\n\r\r\n\t\t\t\t\t\t<\/div>\n\t\t\t\t<\/div>\n\t\t\t\t\t<\/div>\n\t\t<\/div>\n\t\t\t\t<div class=\"elementor-column elementor-col-33 elementor-top-column elementor-element elementor-element-aff6673\" data-id=\"aff6673\" data-element_type=\"column\">\n\t\t\t<div class=\"elementor-widget-wrap elementor-element-populated\">\n\t\t\t\t\t\t<div class=\"elementor-element elementor-element-09c8472 elementor-widget elementor-widget-html\" data-id=\"09c8472\" data-element_type=\"widget\" data-widget_type=\"html.default\">\n\t\t\t\t<div class=\"elementor-widget-container\">\n\t\t\t\t\t<div class=\"olbia-cta olbia-cta--modern\">\n <div class=\"olbia-cta__item\">\n <img decoding=\"async\" src=\"\/wp-content\/uploads\/ico-whatsapp.png\" class=\"ico\">\n <h6 class=\"olbia-cta__title wow fadeIn\" style=\"visibility: visible; animation-name: fadeIn;\">\nChat with me           <\/h6>\n\n<a href=\"https:\/\/wa.me\/420605580813\" class=\"olbia-cta__link link-contact-mini wow fadeIn\" style=\"visibility: visible; animation-name: fadeIn;\" rel=\"noopener\">\nWhatsapp     <\/a>\n<\/div>\n<\/div>\t\t\t\t<\/div>\n\t\t\t\t<\/div>\n\t\t\t\t\t<\/div>\n\t\t<\/div>\n\t\t\t\t\t<\/div>\n\t\t<\/section>\n\t\t\t\t<\/div>","protected":false},"excerpt":{"rendered":"<p>Kontakt Po\u0161lete mi zpr\u00e1vu Odesl\u00e1n\u00edm souhlas\u00edte se z\u00e1sadami ochrany osobn\u00edch \u00fadaj\u016f. Zavolejte mi +420 605 580 813 Po\u0161lete mi email s.kadula@simonkadula.com Chatujte se mnou Whatsapp<\/p>","protected":false},"author":1,"featured_media":0,"parent":0,"menu_order":0,"comment_status":"closed","ping_status":"closed","template":"","meta":{"_acf_changed":false,"footnotes":""},"class_list":["post-2610","page","type-page","status-publish","hentry"],"acf":[],"_links":{"self":[{"href":"https:\/\/simonkadula.com\/en\/wp-json\/wp\/v2\/pages\/2610","targetHints":{"allow":["GET"]}}],"collection":[{"href":"https:\/\/simonkadula.com\/en\/wp-json\/wp\/v2\/pages"}],"about":[{"href":"https:\/\/simonkadula.com\/en\/wp-json\/wp\/v2\/types\/page"}],"author":[{"embeddable":true,"href":"https:\/\/simonkadula.com\/en\/wp-json\/wp\/v2\/users\/1"}],"replies":[{"embeddable":true,"href":"https:\/\/simonkadula.com\/en\/wp-json\/wp\/v2\/comments?post=2610"}],"version-history":[{"count":1,"href":"https:\/\/simonkadula.com\/en\/wp-json\/wp\/v2\/pages\/2610\/revisions"}],"predecessor-version":[{"id":3893,"href":"https:\/\/simonkadula.com\/en\/wp-json\/wp\/v2\/pages\/2610\/revisions\/3893"}],"wp:attachment":[{"href":"https:\/\/simonkadula.com\/en\/wp-json\/wp\/v2\/media?parent=2610"}],"curies":[{"name":"wp","href":"https:\/\/api.w.org\/{rel}","templated":true}]}}