{"id":3292,"date":"2025-05-30T16:56:05","date_gmt":"2025-05-30T14:56:05","guid":{"rendered":"https:\/\/simonkadula.com\/?page_id=3292"},"modified":"2025-09-12T15:04:48","modified_gmt":"2025-09-12T13:04:48","slug":"zasady-ochrany-osobnich-udaju","status":"publish","type":"page","link":"https:\/\/simonkadula.com\/en\/zasady-ochrany-osobnich-udaju","title":{"rendered":"Privacy Policy"},"content":{"rendered":"<p>On this page, you will find all information regarding personal data. The personal data controller is \u0160imon Kadula, ID No.: 07955103, with registered office at: B\u0159ezov\u00e1 330, Hlu\u0161ovice, 78314. I process personal data in accordance with Regulation (EU) 2016\/679 of the European Parliament and of the Council of April 27, 2016, on the protection of natural persons with regard to the processing of personal data and on the free movement of such data, and repealing Directive 94\/46\/EC (hereinafter referred to as \"GDPR\").<\/p>\n\n\n\n<p>You can contact me as the data controller at the following email address: <a href=\"mailto:s.kadula@simonkadula.com\"><\/a><a href=\"mailto:s.kadula@simonkadula.com\">s.kadula@simonkadula.com<\/a>.<\/p>\n\n\n\n<div style=\"height:50px\" aria-hidden=\"true\" class=\"wp-block-spacer\"><\/div>\n\n\n\n<h2 class=\"wp-block-heading\" id=\"headline-47-86\">Processing of personal data<\/h2>\n\n\n\n<p><strong>A. When using the contact form<\/strong><\/p>\n\n\n\n<p>The form only requires your name and email address as personal data, but you may provide additional contact details at your discretion. I collect this data for the purpose of processing your inquiry and any orders. If we do not conclude an order, I will store the data for a maximum of six months. If we conclude an order, the data will be stored in accordance with the law.<\/p>\n\n\n\n<p>The data processor for the contact form is the web service provider: WEDOS Internet, a.s., ID No.: 28115708, with its registered office at Masarykova 1230, 373 41 Hlubok\u00e1 nad Vltavou.<\/p>\n\n\n\n<p>The form is secured by Google's reCAPTCHA technology:<\/p>\n\n\n\n<ul class=\"wp-block-list\">\n<li><a href=\"https:\/\/policies.google.com\/privacy\" target=\"_blank\" rel=\"noreferrer noopener\">Privacy policy<\/a><\/li>\n\n\n\n<li><a href=\"https:\/\/policies.google.com\/terms\" target=\"_blank\" rel=\"noreferrer noopener\">Terms and Conditions<\/a><\/li>\n<\/ul>\n\n\n\n<div style=\"height:50px\" aria-hidden=\"true\" class=\"wp-block-spacer\"><\/div>\n\n\n\n<h2 class=\"wp-block-heading\" id=\"headline-77-86\">Your rights<\/h2>\n\n\n\n<p>Under the conditions set out in the GDPR, you have the following rights:<\/p>\n\n\n\n<ul class=\"wp-block-list\">\n<li>Right of access to personal data<\/li>\n\n\n\n<li>Right to correct inaccurate and complete incomplete personal data<\/li>\n\n\n\n<li>Right to erasure of personal data<\/li>\n\n\n\n<li>Right to restrict the processing of personal data<\/li>\n\n\n\n<li>Right to data portability<\/li>\n\n\n\n<li>Right to object to processing<\/li>\n<\/ul>\n\n\n\n<p>You can file a complaint with the supervisory authority, which is the Office for Personal Data Protection.<\/p>\n\n\n\n<p>These terms and conditions are effective from June 1, 2025.<\/p>\n\n\n\n<p><\/p>","protected":false},"excerpt":{"rendered":"<p>Na t\u00e9to str\u00e1nce najdete ve\u0161ker\u00e9 informace k osobn\u00edm \u00fadaj\u016fm. Spr\u00e1vcem osobn\u00edch \u00fadaj\u016f je \u0160imon Kadula, I\u010c: 07955103 se s\u00eddlem: B\u0159ezov\u00e1 330, Hlu\u0161ovice, 78314. Zpracov\u00e1n\u00ed osobn\u00edch \u00fadaj\u016f prov\u00e1d\u00edm v souladu s Na\u0159\u00edzen\u00edm Evropsk\u00e9ho parlamentu a Rady (EU) 2016\/679 ze dne 27.4.2016, o ochran\u011b fyzick\u00fdch osob v souvislosti se zpracov\u00e1n\u00edm osobn\u00edch \u00fadaj\u016f a o voln\u00e9m pohybu t\u011bchto&#8230;<\/p>","protected":false},"author":1,"featured_media":0,"parent":0,"menu_order":0,"comment_status":"closed","ping_status":"closed","template":"","meta":{"_acf_changed":false,"footnotes":""},"class_list":["post-3292","page","type-page","status-publish","hentry"],"acf":[],"_links":{"self":[{"href":"https:\/\/simonkadula.com\/en\/wp-json\/wp\/v2\/pages\/3292","targetHints":{"allow":["GET"]}}],"collection":[{"href":"https:\/\/simonkadula.com\/en\/wp-json\/wp\/v2\/pages"}],"about":[{"href":"https:\/\/simonkadula.com\/en\/wp-json\/wp\/v2\/types\/page"}],"author":[{"embeddable":true,"href":"https:\/\/simonkadula.com\/en\/wp-json\/wp\/v2\/users\/1"}],"replies":[{"embeddable":true,"href":"https:\/\/simonkadula.com\/en\/wp-json\/wp\/v2\/comments?post=3292"}],"version-history":[{"count":3,"href":"https:\/\/simonkadula.com\/en\/wp-json\/wp\/v2\/pages\/3292\/revisions"}],"predecessor-version":[{"id":3916,"href":"https:\/\/simonkadula.com\/en\/wp-json\/wp\/v2\/pages\/3292\/revisions\/3916"}],"wp:attachment":[{"href":"https:\/\/simonkadula.com\/en\/wp-json\/wp\/v2\/media?parent=3292"}],"curies":[{"name":"wp","href":"https:\/\/api.w.org\/{rel}","templated":true}]}}